{"id":7640,"date":"2024-09-04T06:52:35","date_gmt":"2024-09-04T06:52:35","guid":{"rendered":"https:\/\/erren.com\/f-a-q\/"},"modified":"2025-05-16T07:53:20","modified_gmt":"2025-05-16T07:53:20","slug":"f-a-q","status":"publish","type":"page","link":"https:\/\/erren.com\/de\/f-a-q\/","title":{"rendered":"F.A.Q."},"content":{"rendered":"\t\t<div data-elementor-type=\"wp-page\" data-elementor-id=\"7640\" class=\"elementor elementor-7640 elementor-3523\" wpc-filter-elementor-widget=\"1\" data-elementor-post-type=\"page\">\n\t\t\t\t<div class=\"elementor-element elementor-element-45fdf661 e-flex e-con-boxed e-con e-parent\" data-id=\"45fdf661\" data-element_type=\"container\" data-e-type=\"container\">\n\t\t\t\t\t<div class=\"e-con-inner\">\n\t\t\t\t<div class=\"elementor-element elementor-element-20212458 elementor-widget elementor-widget-heading\" data-id=\"20212458\" data-element_type=\"widget\" data-e-type=\"widget\" data-widget_type=\"heading.default\">\n\t\t\t\t<div class=\"elementor-widget-container\">\n\t\t\t\t\t<h1 class=\"elementor-heading-title elementor-size-default\">H\u00e4ufig gestellte Fragen<\/h1>\t\t\t\t<\/div>\n\t\t\t\t<\/div>\n\t\t\t\t<div class=\"elementor-element elementor-element-67daa5ba elementor-widget elementor-widget-shortcode\" data-id=\"67daa5ba\" data-element_type=\"widget\" data-e-type=\"widget\" data-widget_type=\"shortcode.default\">\n\t\t\t\t<div class=\"elementor-widget-container\">\n\t\t\t\t\t<p id=\"breadcrumbs\"><span><span><a href=\"https:\/\/erren.com\/de\/\">Startseite<\/a><\/span><\/span><\/p>\t\t<div class=\"elementor-shortcode\"><\/div>\n\t\t\t\t\t\t<\/div>\n\t\t\t\t<\/div>\n\t\t\t\t<div class=\"elementor-element elementor-element-b410831 elementor-widget-divider--view-line elementor-widget elementor-widget-divider\" data-id=\"b410831\" data-element_type=\"widget\" data-e-type=\"widget\" data-widget_type=\"divider.default\">\n\t\t\t\t<div class=\"elementor-widget-container\">\n\t\t\t\t\t\t\t<div class=\"elementor-divider\">\n\t\t\t<span class=\"elementor-divider-separator\">\n\t\t\t\t\t\t<\/span>\n\t\t<\/div>\n\t\t\t\t\t\t<\/div>\n\t\t\t\t<\/div>\n\t\t\t\t\t<\/div>\n\t\t\t\t<\/div>\n\t\t<div class=\"elementor-element elementor-element-b099c27 e-flex e-con-boxed e-con e-parent\" data-id=\"b099c27\" data-element_type=\"container\" data-e-type=\"container\">\n\t\t\t\t\t<div class=\"e-con-inner\">\n\t\t\t\t<div class=\"elementor-element elementor-element-effd857 elementor-widget elementor-widget-shortcode\" data-id=\"effd857\" data-element_type=\"widget\" data-e-type=\"widget\" data-widget_type=\"shortcode.default\">\n\t\t\t\t<div class=\"elementor-widget-container\">\n\t\t\t\t\t<div class=\"search\">\n    <input placeholder=\"Type your question...\" id=\"faq-search\">\n    <div class=\"search__button\">\n        <svg width=\"28\" height=\"28\" viewBox=\"0 0 28 28\" fill=\"none\" xmlns=\"http:\/\/www.w3.org\/2000\/svg\">\n            <path d=\"M20.123 11.3769C20.123 9.0559 19.2013 6.82993 17.5605 5.1887C15.9197 3.54748 13.6943 2.62545 11.3739 2.62545C9.05347 2.62545 6.82809 3.54748 5.18731 5.1887C3.54653 6.82993 2.62474 9.0559 2.62474 11.3769C2.62474 13.698 3.54653 15.924 5.18731 17.5652C6.82809 19.2064 9.05347 20.1284 11.3739 20.1284C13.6943 20.1284 15.9197 19.2064 17.5605 17.5652C19.2013 15.924 20.123 13.698 20.123 11.3769ZM18.4334 20.298C16.4976 21.835 14.0424 22.7539 11.3739 22.7539C5.09091 22.7539 0 17.6616 0 11.3769C0 5.09228 5.09091 0 11.3739 0C17.6569 0 22.7478 5.09228 22.7478 11.3769C22.7478 14.0461 21.8291 16.502 20.2926 18.4383L27.6145 25.7622C28.1285 26.2764 28.1285 27.1078 27.6145 27.6164C27.1005 28.1251 26.2693 28.1306 25.7608 27.6164L18.4334 20.298Z\" fill=\"white\"\/>\n        <\/svg>\n    <\/div>\n<\/div>\n\n\n<div class=\"faq\">\n                    <div class=\"faq__item\">\n                    <p class=\"faq__title\">Bieten Sie die R\u00fcckverfolgung von Produkten an, die wiederaufbereitet werden?<\/p>\n                    <p class=\"faq__text\">Ja, wir bieten einen Tracking-Service an, damit Sie den Status Ihrer Waren w\u00e4hrend des gesamten Aufbereitungsprozesses verfolgen k\u00f6nnen. Wir benachrichtigen Sie regelm\u00e4\u00dfig, sobald die Artikel f\u00fcr den R\u00fcckversand bereit sind. <\/p>\n                    <div class=\"faq__icon\">\n                        <svg width=\"11\" height=\"19\" viewBox=\"0 0 11 19\" fill=\"none\" xmlns=\"http:\/\/www.w3.org\/2000\/svg\">\n                            <path d=\"M1.37695 17.916L9.59623 9.65943L1.37695 1.40284\" stroke=\"#31715C\" stroke-width=\"2\" stroke-linecap=\"round\" stroke-linejoin=\"round\"\/>\n                        <\/svg>\n                    <\/div>\n                <\/div>\n                                    <div class=\"faq__item\">\n                    <p class=\"faq__title\">Wie gehen Sie mit Waren um, die vernichtet werden m\u00fcssen?<\/p>\n                    <p class=\"faq__text\">Wenn Waren nicht wiederhergestellt oder weiterverkauft werden k\u00f6nnen, bieten wir einen Vernichtungsdienst an, um nicht mehr zu rettende Gegenst\u00e4nde sicher und verantwortungsvoll zu entsorgen.<\/p>\n                    <div class=\"faq__icon\">\n                        <svg width=\"11\" height=\"19\" viewBox=\"0 0 11 19\" fill=\"none\" xmlns=\"http:\/\/www.w3.org\/2000\/svg\">\n                            <path d=\"M1.37695 17.916L9.59623 9.65943L1.37695 1.40284\" stroke=\"#31715C\" stroke-width=\"2\" stroke-linecap=\"round\" stroke-linejoin=\"round\"\/>\n                        <\/svg>\n                    <\/div>\n                <\/div>\n                                    <div class=\"faq__item\">\n                    <p class=\"faq__title\">K\u00f6nnen Sie gro\u00dfe Sendungen aus \u00dcbersee abwickeln?<\/p>\n                    <p class=\"faq__text\">Ja, wir sind erfahren im Umgang mit gro\u00dfen Sendungen. Viele unserer Kunden senden Waren aus dem Ausland, die repariert, gereinigt oder wiederaufbereitet werden m\u00fcssen, und wir verf\u00fcgen \u00fcber Verfahren, um diese Projekte effizient zu verwalten. <\/p>\n                    <div class=\"faq__icon\">\n                        <svg width=\"11\" height=\"19\" viewBox=\"0 0 11 19\" fill=\"none\" xmlns=\"http:\/\/www.w3.org\/2000\/svg\">\n                            <path d=\"M1.37695 17.916L9.59623 9.65943L1.37695 1.40284\" stroke=\"#31715C\" stroke-width=\"2\" stroke-linecap=\"round\" stroke-linejoin=\"round\"\/>\n                        <\/svg>\n                    <\/div>\n                <\/div>\n                                    <div class=\"faq__item\">\n                    <p class=\"faq__title\">Wie lange ist die durchschnittliche Bearbeitungszeit f\u00fcr \u00dcberholungsdienste?<\/p>\n                    <p class=\"faq__text\">Die Durchlaufzeit h\u00e4ngt von der Gr\u00f6\u00dfe und Komplexit\u00e4t der Charge ab. Kleine Chargen ben\u00f6tigen in der Regel ein paar Tage, w\u00e4hrend gr\u00f6\u00dfere Sendungen l\u00e4nger dauern k\u00f6nnen. Wir geben Ihnen nach der Bewertung der Waren eine gesch\u00e4tzte Zeitspanne an.  <\/p>\n                    <div class=\"faq__icon\">\n                        <svg width=\"11\" height=\"19\" viewBox=\"0 0 11 19\" fill=\"none\" xmlns=\"http:\/\/www.w3.org\/2000\/svg\">\n                            <path d=\"M1.37695 17.916L9.59623 9.65943L1.37695 1.40284\" stroke=\"#31715C\" stroke-width=\"2\" stroke-linecap=\"round\" stroke-linejoin=\"round\"\/>\n                        <\/svg>\n                    <\/div>\n                <\/div>\n                                    <div class=\"faq__item\">\n                    <p class=\"faq__title\">Wie handhabt Erren Recondition die Logistik der Warenannahme und -r\u00fcckgabe?<\/p>\n                    <p class=\"faq__text\">Wir bieten flexible Logistikl\u00f6sungen. Die Produkte k\u00f6nnen direkt an unser Werk in Arnheim geliefert werden. Sobald der Aufbereitungsprozess abgeschlossen ist, k\u00fcmmern wir uns um den R\u00fcckversand an Ihr Lager oder Vertriebszentrum. <\/p>\n                    <div class=\"faq__icon\">\n                        <svg width=\"11\" height=\"19\" viewBox=\"0 0 11 19\" fill=\"none\" xmlns=\"http:\/\/www.w3.org\/2000\/svg\">\n                            <path d=\"M1.37695 17.916L9.59623 9.65943L1.37695 1.40284\" stroke=\"#31715C\" stroke-width=\"2\" stroke-linecap=\"round\" stroke-linejoin=\"round\"\/>\n                        <\/svg>\n                    <\/div>\n                <\/div>\n                                    <div class=\"faq__item\">\n                    <p class=\"faq__title\">Gibt es Dienstleistungen, die nicht unter die Garantie fallen?<\/p>\n                    <p class=\"faq__text\">Wir bem\u00fchen uns zwar, die meisten Reparaturen und Dienstleistungen im Rahmen unserer Garantie abzudecken, aber F\u00e4lle, in denen Produkte nach der Reparatur als unbrauchbar eingestuft oder unsachgem\u00e4\u00df behandelt werden, sind m\u00f6glicherweise nicht abgedeckt.<\/p>\n                    <div class=\"faq__icon\">\n                        <svg width=\"11\" height=\"19\" viewBox=\"0 0 11 19\" fill=\"none\" xmlns=\"http:\/\/www.w3.org\/2000\/svg\">\n                            <path d=\"M1.37695 17.916L9.59623 9.65943L1.37695 1.40284\" stroke=\"#31715C\" stroke-width=\"2\" stroke-linecap=\"round\" stroke-linejoin=\"round\"\/>\n                        <\/svg>\n                    <\/div>\n                <\/div>\n                                    <div class=\"faq__item\">\n                    <p class=\"faq__title\">Was geschieht, wenn ein Produktproblem nach der Reparatur erneut auftritt?<\/p>\n                    <p class=\"faq__text\">Wenn ein Problem innerhalb der Garantiezeit erneut auftritt, werden wir das Problem ohne zus\u00e4tzliche Kosten beheben und daf\u00fcr sorgen, dass der Artikel wieder die vorgesehene Qualit\u00e4t erh\u00e4lt.<\/p>\n                    <div class=\"faq__icon\">\n                        <svg width=\"11\" height=\"19\" viewBox=\"0 0 11 19\" fill=\"none\" xmlns=\"http:\/\/www.w3.org\/2000\/svg\">\n                            <path d=\"M1.37695 17.916L9.59623 9.65943L1.37695 1.40284\" stroke=\"#31715C\" stroke-width=\"2\" stroke-linecap=\"round\" stroke-linejoin=\"round\"\/>\n                        <\/svg>\n                    <\/div>\n                <\/div>\n                                    <div class=\"faq__item\">\n                    <p class=\"faq__title\">Bieten Sie eine Garantie auf Ihre Reparatur- und Restaurierungsleistungen?<\/p>\n                    <p class=\"faq__text\">Ja, wir stehen hinter der Qualit\u00e4t unserer Dienstleistungen. Je nach Art der Dienstleistung bieten wir Garantien, um zu gew\u00e4hrleisten, dass die von uns wiederhergestellten Produkte vollst\u00e4ndig \u00fcberholt sind und den Qualit\u00e4tsstandards entsprechen. Die Einzelheiten der Garantie h\u00e4ngen von der durchgef\u00fchrten Dienstleistung ab.  <\/p>\n                    <div class=\"faq__icon\">\n                        <svg width=\"11\" height=\"19\" viewBox=\"0 0 11 19\" fill=\"none\" xmlns=\"http:\/\/www.w3.org\/2000\/svg\">\n                            <path d=\"M1.37695 17.916L9.59623 9.65943L1.37695 1.40284\" stroke=\"#31715C\" stroke-width=\"2\" stroke-linecap=\"round\" stroke-linejoin=\"round\"\/>\n                        <\/svg>\n                    <\/div>\n                <\/div>\n                                    <div class=\"faq__item\">\n                    <p class=\"faq__title\">Wie werden Chemikalien in Waren neutralisiert?<\/p>\n                    <p class=\"faq__text\">Viele Fabriken verwenden Chemikalien zur Vermeidung von Schimmel, von denen einige in Europa nicht zugelassen sind. Wir neutralisieren diese Chemikalien und sorgen daf\u00fcr, dass die Produkte den Vorschriften entsprechen und f\u00fcr die Verbraucher sicher sind. <\/p>\n                    <div class=\"faq__icon\">\n                        <svg width=\"11\" height=\"19\" viewBox=\"0 0 11 19\" fill=\"none\" xmlns=\"http:\/\/www.w3.org\/2000\/svg\">\n                            <path d=\"M1.37695 17.916L9.59623 9.65943L1.37695 1.40284\" stroke=\"#31715C\" stroke-width=\"2\" stroke-linecap=\"round\" stroke-linejoin=\"round\"\/>\n                        <\/svg>\n                    <\/div>\n                <\/div>\n                                    <div class=\"faq__item\">\n                    <p class=\"faq__title\">Wie gehen Sie mit Schimmelproblemen bei transportierten Waren um?<\/p>\n                    <p class=\"faq__text\">Wir verwenden spezielle Reinigungsverfahren, um Schimmel, Feuchtigkeit und Schmutz zu entfernen, die w\u00e4hrend des Transports auf die Produkte eingewirkt haben k\u00f6nnten, und stellen so sicher, dass sie wieder in ihren urspr\u00fcnglichen Zustand versetzt werden.<\/p>\n                    <div class=\"faq__icon\">\n                        <svg width=\"11\" height=\"19\" viewBox=\"0 0 11 19\" fill=\"none\" xmlns=\"http:\/\/www.w3.org\/2000\/svg\">\n                            <path d=\"M1.37695 17.916L9.59623 9.65943L1.37695 1.40284\" stroke=\"#31715C\" stroke-width=\"2\" stroke-linecap=\"round\" stroke-linejoin=\"round\"\/>\n                        <\/svg>\n                    <\/div>\n                <\/div>\n                                    <div class=\"faq__item\">\n                    <p class=\"faq__title\">K\u00f6nnen Sie Produkte f\u00fcr uns neu verpacken und etikettieren?<\/p>\n                    <p class=\"faq__text\">Ja, wir bieten Etikettier- und Umpackdienste an, um sicherzustellen, dass Ihre Produkte den Standards des Einzelhandels entsprechen und f\u00fcr den Verkauf bereit sind.<\/p>\n                    <div class=\"faq__icon\">\n                        <svg width=\"11\" height=\"19\" viewBox=\"0 0 11 19\" fill=\"none\" xmlns=\"http:\/\/www.w3.org\/2000\/svg\">\n                            <path d=\"M1.37695 17.916L9.59623 9.65943L1.37695 1.40284\" stroke=\"#31715C\" stroke-width=\"2\" stroke-linecap=\"round\" stroke-linejoin=\"round\"\/>\n                        <\/svg>\n                    <\/div>\n                <\/div>\n                                    <div class=\"faq__item\">\n                    <p class=\"faq__title\">Welche Art von Sch\u00e4den k\u00f6nnen Sie reparieren?<\/p>\n                    <p class=\"faq__text\">Wir k\u00fcmmern uns um eine breite Palette von Problemen, einschlie\u00dflich der Entfernung von Schimmel, der Beseitigung von Materialsch\u00e4den, der Korrektur von Herstellungsfehlern, der Nachbearbeitung und der Neutralisierung von Chemikalien, die nicht den europ\u00e4ischen Normen entsprechen.<\/p>\n                    <div class=\"faq__icon\">\n                        <svg width=\"11\" height=\"19\" viewBox=\"0 0 11 19\" fill=\"none\" xmlns=\"http:\/\/www.w3.org\/2000\/svg\">\n                            <path d=\"M1.37695 17.916L9.59623 9.65943L1.37695 1.40284\" stroke=\"#31715C\" stroke-width=\"2\" stroke-linecap=\"round\" stroke-linejoin=\"round\"\/>\n                        <\/svg>\n                    <\/div>\n                <\/div>\n                                    <div class=\"faq__item\">\n                    <p class=\"faq__title\">Welche Arten von Produkten kann Erren Recondition bearbeiten?<\/p>\n                    <p class=\"faq__text\">Erren Recondition ist auf die Restaurierung und Erneuerung von Taschen, Spielzeug, Schuhen, Kleidung und Haushaltsgegenst\u00e4nden spezialisiert. Wir bieten auch Dienstleistungen f\u00fcr Textilien und andere Konsumg\u00fcter an, die w\u00e4hrend der Produktion oder des Transports besch\u00e4digt worden sind. <\/p>\n                    <div class=\"faq__icon\">\n                        <svg width=\"11\" height=\"19\" viewBox=\"0 0 11 19\" fill=\"none\" xmlns=\"http:\/\/www.w3.org\/2000\/svg\">\n                            <path d=\"M1.37695 17.916L9.59623 9.65943L1.37695 1.40284\" stroke=\"#31715C\" stroke-width=\"2\" stroke-linecap=\"round\" stroke-linejoin=\"round\"\/>\n                        <\/svg>\n                    <\/div>\n                <\/div>\n                    <\/div>\n\n<div class=\"faq__cats\">\n            <a class=\"faq__cat \" \n            href=\"?category=logistik\"\n        >\n                        <h6>Logistik<\/h6>\n        <\/a>\n            <a class=\"faq__cat \" \n            href=\"?category=garantie\"\n        >\n                        <h6>Garantie<\/h6>\n        <\/a>\n            <a class=\"faq__cat \" \n            href=\"?category=dienstleistungen\"\n        >\n                        <h6>Dienstleistungen<\/h6>\n        <\/a>\n    <\/div>\t\t<div class=\"elementor-shortcode\"><\/div>\n\t\t\t\t\t\t<\/div>\n\t\t\t\t<\/div>\n\t\t\t\t\t<\/div>\n\t\t\t\t<\/div>\n\t\t\t\t<\/div>\n\t\t","protected":false},"excerpt":{"rendered":"<p>H\u00e4ufig gestellte Fragen<\/p>\n","protected":false},"author":1,"featured_media":0,"parent":0,"menu_order":0,"comment_status":"closed","ping_status":"closed","template":"","meta":{"_acf_changed":false,"inline_featured_image":false,"footnotes":""},"class_list":["post-7640","page","type-page","status-publish","hentry"],"acf":[],"yoast_head":"<!-- This site is optimized with the Yoast SEO plugin v27.3 - https:\/\/yoast.com\/product\/yoast-seo-wordpress\/ -->\n<title>F.A.Q. - Erren Recondition<\/title>\n<meta name=\"robots\" content=\"index, follow, max-snippet:-1, max-image-preview:large, max-video-preview:-1\" \/>\n<link rel=\"canonical\" href=\"https:\/\/erren.com\/de\/f-a-q\/\" \/>\n<meta property=\"og:locale\" content=\"de_DE\" \/>\n<meta property=\"og:type\" content=\"article\" \/>\n<meta property=\"og:title\" content=\"F.A.Q. - Erren Recondition\" \/>\n<meta property=\"og:description\" content=\"H\u00e4ufig gestellte Fragen\" \/>\n<meta property=\"og:url\" content=\"https:\/\/erren.com\/de\/f-a-q\/\" \/>\n<meta property=\"og:site_name\" content=\"Erren Recondition\" \/>\n<meta property=\"article:publisher\" content=\"https:\/\/www.facebook.com\/errenrecondition\" \/>\n<meta property=\"article:modified_time\" content=\"2025-05-16T07:53:20+00:00\" \/>\n<meta name=\"twitter:card\" content=\"summary_large_image\" \/>\n<script type=\"application\/ld+json\" class=\"yoast-schema-graph\">{\"@context\":\"https:\\\/\\\/schema.org\",\"@graph\":[{\"@type\":\"WebPage\",\"@id\":\"https:\\\/\\\/erren.com\\\/de\\\/f-a-q\\\/\",\"url\":\"https:\\\/\\\/erren.com\\\/de\\\/f-a-q\\\/\",\"name\":\"F.A.Q. - Erren Recondition\",\"isPartOf\":{\"@id\":\"https:\\\/\\\/erren.com\\\/de\\\/#website\"},\"datePublished\":\"2024-09-04T06:52:35+00:00\",\"dateModified\":\"2025-05-16T07:53:20+00:00\",\"breadcrumb\":{\"@id\":\"https:\\\/\\\/erren.com\\\/de\\\/f-a-q\\\/#breadcrumb\"},\"inLanguage\":\"de\",\"potentialAction\":[{\"@type\":\"ReadAction\",\"target\":[\"https:\\\/\\\/erren.com\\\/de\\\/f-a-q\\\/\"]}]},{\"@type\":\"BreadcrumbList\",\"@id\":\"https:\\\/\\\/erren.com\\\/de\\\/f-a-q\\\/#breadcrumb\",\"itemListElement\":[{\"@type\":\"ListItem\",\"position\":1,\"name\":\"Startseite\",\"item\":\"https:\\\/\\\/erren.com\\\/de\\\/\"},{\"@type\":\"ListItem\",\"position\":2,\"name\":\"F.A.Q.\"}]},{\"@type\":\"WebSite\",\"@id\":\"https:\\\/\\\/erren.com\\\/de\\\/#website\",\"url\":\"https:\\\/\\\/erren.com\\\/de\\\/\",\"name\":\"Erren Recondition\",\"description\":\"\",\"publisher\":{\"@id\":\"https:\\\/\\\/erren.com\\\/de\\\/#organization\"},\"potentialAction\":[{\"@type\":\"SearchAction\",\"target\":{\"@type\":\"EntryPoint\",\"urlTemplate\":\"https:\\\/\\\/erren.com\\\/de\\\/?s={search_term_string}\"},\"query-input\":{\"@type\":\"PropertyValueSpecification\",\"valueRequired\":true,\"valueName\":\"search_term_string\"}}],\"inLanguage\":\"de\"},{\"@type\":\"Organization\",\"@id\":\"https:\\\/\\\/erren.com\\\/de\\\/#organization\",\"name\":\"Erren Recondition\",\"url\":\"https:\\\/\\\/erren.com\\\/de\\\/\",\"logo\":{\"@type\":\"ImageObject\",\"inLanguage\":\"de\",\"@id\":\"https:\\\/\\\/erren.com\\\/de\\\/#\\\/schema\\\/logo\\\/image\\\/\",\"url\":\"https:\\\/\\\/erren.com\\\/wp-content\\\/uploads\\\/2024\\\/09\\\/image-4.png\",\"contentUrl\":\"https:\\\/\\\/erren.com\\\/wp-content\\\/uploads\\\/2024\\\/09\\\/image-4.png\",\"width\":228,\"height\":70,\"caption\":\"Erren Recondition\"},\"image\":{\"@id\":\"https:\\\/\\\/erren.com\\\/de\\\/#\\\/schema\\\/logo\\\/image\\\/\"},\"sameAs\":[\"https:\\\/\\\/www.facebook.com\\\/errenrecondition\",\"https:\\\/\\\/www.linkedin.com\\\/company\\\/erren-recondition-bv\\\/?viewAsMember=true\"]}]}<\/script>\n<!-- \/ Yoast SEO plugin. -->","yoast_head_json":{"title":"F.A.Q. - Erren Recondition","robots":{"index":"index","follow":"follow","max-snippet":"max-snippet:-1","max-image-preview":"max-image-preview:large","max-video-preview":"max-video-preview:-1"},"canonical":"https:\/\/erren.com\/de\/f-a-q\/","og_locale":"de_DE","og_type":"article","og_title":"F.A.Q. - Erren Recondition","og_description":"H\u00e4ufig gestellte Fragen","og_url":"https:\/\/erren.com\/de\/f-a-q\/","og_site_name":"Erren Recondition","article_publisher":"https:\/\/www.facebook.com\/errenrecondition","article_modified_time":"2025-05-16T07:53:20+00:00","twitter_card":"summary_large_image","schema":{"@context":"https:\/\/schema.org","@graph":[{"@type":"WebPage","@id":"https:\/\/erren.com\/de\/f-a-q\/","url":"https:\/\/erren.com\/de\/f-a-q\/","name":"F.A.Q. - Erren Recondition","isPartOf":{"@id":"https:\/\/erren.com\/de\/#website"},"datePublished":"2024-09-04T06:52:35+00:00","dateModified":"2025-05-16T07:53:20+00:00","breadcrumb":{"@id":"https:\/\/erren.com\/de\/f-a-q\/#breadcrumb"},"inLanguage":"de","potentialAction":[{"@type":"ReadAction","target":["https:\/\/erren.com\/de\/f-a-q\/"]}]},{"@type":"BreadcrumbList","@id":"https:\/\/erren.com\/de\/f-a-q\/#breadcrumb","itemListElement":[{"@type":"ListItem","position":1,"name":"Startseite","item":"https:\/\/erren.com\/de\/"},{"@type":"ListItem","position":2,"name":"F.A.Q."}]},{"@type":"WebSite","@id":"https:\/\/erren.com\/de\/#website","url":"https:\/\/erren.com\/de\/","name":"Erren Recondition","description":"","publisher":{"@id":"https:\/\/erren.com\/de\/#organization"},"potentialAction":[{"@type":"SearchAction","target":{"@type":"EntryPoint","urlTemplate":"https:\/\/erren.com\/de\/?s={search_term_string}"},"query-input":{"@type":"PropertyValueSpecification","valueRequired":true,"valueName":"search_term_string"}}],"inLanguage":"de"},{"@type":"Organization","@id":"https:\/\/erren.com\/de\/#organization","name":"Erren Recondition","url":"https:\/\/erren.com\/de\/","logo":{"@type":"ImageObject","inLanguage":"de","@id":"https:\/\/erren.com\/de\/#\/schema\/logo\/image\/","url":"https:\/\/erren.com\/wp-content\/uploads\/2024\/09\/image-4.png","contentUrl":"https:\/\/erren.com\/wp-content\/uploads\/2024\/09\/image-4.png","width":228,"height":70,"caption":"Erren Recondition"},"image":{"@id":"https:\/\/erren.com\/de\/#\/schema\/logo\/image\/"},"sameAs":["https:\/\/www.facebook.com\/errenrecondition","https:\/\/www.linkedin.com\/company\/erren-recondition-bv\/?viewAsMember=true"]}]}},"_links":{"self":[{"href":"https:\/\/erren.com\/de\/wp-json\/wp\/v2\/pages\/7640","targetHints":{"allow":["GET"]}}],"collection":[{"href":"https:\/\/erren.com\/de\/wp-json\/wp\/v2\/pages"}],"about":[{"href":"https:\/\/erren.com\/de\/wp-json\/wp\/v2\/types\/page"}],"author":[{"embeddable":true,"href":"https:\/\/erren.com\/de\/wp-json\/wp\/v2\/users\/1"}],"replies":[{"embeddable":true,"href":"https:\/\/erren.com\/de\/wp-json\/wp\/v2\/comments?post=7640"}],"version-history":[{"count":1,"href":"https:\/\/erren.com\/de\/wp-json\/wp\/v2\/pages\/7640\/revisions"}],"predecessor-version":[{"id":7642,"href":"https:\/\/erren.com\/de\/wp-json\/wp\/v2\/pages\/7640\/revisions\/7642"}],"wp:attachment":[{"href":"https:\/\/erren.com\/de\/wp-json\/wp\/v2\/media?parent=7640"}],"curies":[{"name":"wp","href":"https:\/\/api.w.org\/{rel}","templated":true}]}}